{"id":138,"date":"2023-01-05T14:47:15","date_gmt":"2023-01-05T14:47:15","guid":{"rendered":"https:\/\/grupgirosoler.cat\/que-hacemos\/"},"modified":"2023-01-05T14:49:23","modified_gmt":"2023-01-05T14:49:23","slug":"que-fem","status":"publish","type":"page","link":"https:\/\/grupgirosoler.cat\/ca\/que-fem\/","title":{"rendered":"Qu\u00e8 fem"},"content":{"rendered":"<p>&nbsp;<\/p>\n<p><strong>Compravenda de peix.<\/strong><\/p>\n<p>Cada dia ens desplacem a les principals llotges catalanes per seleccionar el millor peix. Aix\u00ed mateix, tamb\u00e9 fem gesti\u00f3 de compra als mercats majoristes.<\/p>\n<p>&nbsp;<\/p>\n<p><strong>Log\u00edstica. Distribuci\u00f3 de peix.<\/strong><\/p>\n<p>Disposem d\u00b4una flota de +30 vehicles cobrint di\u00e0riament tota la geografia catalana.<\/p>\n<p>&nbsp;<\/p>\n<p><strong>Cross-docking.<\/strong><\/p>\n<p>Di\u00e0riament fem el cross-docking consolidat per a Bon Preu-Esclat. Es realitza en una nau refrigerada, preparada per fer-ho, situada al Consorci del Parc Log\u00edsitic de la Zona Franca de Barcelona.<\/p>\n<p>&nbsp;<\/p>\n<p><strong>Rentat de RPC.<\/strong><\/p>\n<p>Grup Gir\u00f3 Soler disposa de dos centres de rentat ERT amb una capacitat actual de 4,5M envasos anuals, amb plenes possibilitats d&#8217;ampliar la seva producci\u00f3 en nombre de torns com en noves instal\u00b7lacions.<\/p>\n<p>&nbsp;<\/p>\n<p><strong>E-commerce.<\/strong><\/p>\n<p>Grup Gir\u00f3 Soler entra al segment de l&#8217;e-commerce a l&#8217;\u00e0mbit food per proporcionar peix i complements degudament preparats a domicili.<\/p>\n<p>&nbsp;<\/p>\n","protected":false},"excerpt":{"rendered":"<p>&nbsp; Compravenda de peix. Cada dia ens desplacem a les principals llotges catalanes per seleccionar el millor peix. Aix\u00ed mateix, tamb\u00e9 fem gesti\u00f3 de compra als mercats majoristes. &nbsp; Log\u00edstica. Distribuci\u00f3 de peix. Disposem d\u00b4una flota de +30 vehicles cobrint di\u00e0riament tota la geografia catalana. &nbsp; Cross-docking. Di\u00e0riament fem el cross-docking consolidat per a Bon [&hellip;]<\/p>\n","protected":false},"author":1,"featured_media":0,"parent":0,"menu_order":3,"comment_status":"closed","ping_status":"closed","template":"template-simple.php","meta":{"footnotes":""},"class_list":["post-138","page","type-page","status-publish","hentry"],"yoast_head":"<!-- This site is optimized with the Yoast SEO plugin v20.9 - https:\/\/yoast.com\/wordpress\/plugins\/seo\/ -->\n<title>Qu\u00e8 fem - Grup Gir\u00f3<\/title>\n<meta name=\"robots\" content=\"index, follow, max-snippet:-1, max-image-preview:large, max-video-preview:-1\" \/>\n<link rel=\"canonical\" href=\"https:\/\/grupgirosoler.cat\/ca\/que-fem\/\" \/>\n<meta property=\"og:locale\" content=\"ca_ES\" \/>\n<meta property=\"og:type\" content=\"article\" \/>\n<meta property=\"og:title\" content=\"Qu\u00e8 fem - Grup Gir\u00f3\" \/>\n<meta property=\"og:description\" content=\"&nbsp; Compravenda de peix. Cada dia ens desplacem a les principals llotges catalanes per seleccionar el millor peix. Aix\u00ed mateix, tamb\u00e9 fem gesti\u00f3 de compra als mercats majoristes. &nbsp; Log\u00edstica. Distribuci\u00f3 de peix. Disposem d\u00b4una flota de +30 vehicles cobrint di\u00e0riament tota la geografia catalana. &nbsp; Cross-docking. Di\u00e0riament fem el cross-docking consolidat per a Bon [&hellip;]\" \/>\n<meta property=\"og:url\" content=\"https:\/\/grupgirosoler.cat\/ca\/que-fem\/\" \/>\n<meta property=\"og:site_name\" content=\"Grup Gir\u00f3\" \/>\n<meta property=\"article:modified_time\" content=\"2023-01-05T14:49:23+00:00\" \/>\n<meta name=\"twitter:card\" content=\"summary_large_image\" \/>\n<meta name=\"twitter:label1\" content=\"Est. reading time\" \/>\n\t<meta name=\"twitter:data1\" content=\"1 minute\" \/>\n<script type=\"application\/ld+json\" class=\"yoast-schema-graph\">{\"@context\":\"https:\/\/schema.org\",\"@graph\":[{\"@type\":\"WebPage\",\"@id\":\"https:\/\/grupgirosoler.cat\/ca\/que-fem\/\",\"url\":\"https:\/\/grupgirosoler.cat\/ca\/que-fem\/\",\"name\":\"Qu\u00e8 fem - Grup Gir\u00f3\",\"isPartOf\":{\"@id\":\"https:\/\/grupgirosoler.cat\/#website\"},\"datePublished\":\"2023-01-05T14:47:15+00:00\",\"dateModified\":\"2023-01-05T14:49:23+00:00\",\"breadcrumb\":{\"@id\":\"https:\/\/grupgirosoler.cat\/ca\/que-fem\/#breadcrumb\"},\"inLanguage\":\"ca\",\"potentialAction\":[{\"@type\":\"ReadAction\",\"target\":[\"https:\/\/grupgirosoler.cat\/ca\/que-fem\/\"]}]},{\"@type\":\"BreadcrumbList\",\"@id\":\"https:\/\/grupgirosoler.cat\/ca\/que-fem\/#breadcrumb\",\"itemListElement\":[{\"@type\":\"ListItem\",\"position\":1,\"name\":\"Portada\",\"item\":\"https:\/\/grupgirosoler.cat\/ca\/\"},{\"@type\":\"ListItem\",\"position\":2,\"name\":\"Qu\u00e8 fem\"}]},{\"@type\":\"WebSite\",\"@id\":\"https:\/\/grupgirosoler.cat\/#website\",\"url\":\"https:\/\/grupgirosoler.cat\/\",\"name\":\"Grup Gir\u00f3\",\"description\":\"\",\"potentialAction\":[{\"@type\":\"SearchAction\",\"target\":{\"@type\":\"EntryPoint\",\"urlTemplate\":\"https:\/\/grupgirosoler.cat\/?s={search_term_string}\"},\"query-input\":\"required name=search_term_string\"}],\"inLanguage\":\"ca\"}]}<\/script>\n<!-- \/ Yoast SEO plugin. -->","yoast_head_json":{"title":"Qu\u00e8 fem - Grup Gir\u00f3","robots":{"index":"index","follow":"follow","max-snippet":"max-snippet:-1","max-image-preview":"max-image-preview:large","max-video-preview":"max-video-preview:-1"},"canonical":"https:\/\/grupgirosoler.cat\/ca\/que-fem\/","og_locale":"ca_ES","og_type":"article","og_title":"Qu\u00e8 fem - Grup Gir\u00f3","og_description":"&nbsp; Compravenda de peix. Cada dia ens desplacem a les principals llotges catalanes per seleccionar el millor peix. Aix\u00ed mateix, tamb\u00e9 fem gesti\u00f3 de compra als mercats majoristes. &nbsp; Log\u00edstica. Distribuci\u00f3 de peix. Disposem d\u00b4una flota de +30 vehicles cobrint di\u00e0riament tota la geografia catalana. &nbsp; Cross-docking. Di\u00e0riament fem el cross-docking consolidat per a Bon [&hellip;]","og_url":"https:\/\/grupgirosoler.cat\/ca\/que-fem\/","og_site_name":"Grup Gir\u00f3","article_modified_time":"2023-01-05T14:49:23+00:00","twitter_card":"summary_large_image","twitter_misc":{"Est. reading time":"1 minute"},"schema":{"@context":"https:\/\/schema.org","@graph":[{"@type":"WebPage","@id":"https:\/\/grupgirosoler.cat\/ca\/que-fem\/","url":"https:\/\/grupgirosoler.cat\/ca\/que-fem\/","name":"Qu\u00e8 fem - Grup Gir\u00f3","isPartOf":{"@id":"https:\/\/grupgirosoler.cat\/#website"},"datePublished":"2023-01-05T14:47:15+00:00","dateModified":"2023-01-05T14:49:23+00:00","breadcrumb":{"@id":"https:\/\/grupgirosoler.cat\/ca\/que-fem\/#breadcrumb"},"inLanguage":"ca","potentialAction":[{"@type":"ReadAction","target":["https:\/\/grupgirosoler.cat\/ca\/que-fem\/"]}]},{"@type":"BreadcrumbList","@id":"https:\/\/grupgirosoler.cat\/ca\/que-fem\/#breadcrumb","itemListElement":[{"@type":"ListItem","position":1,"name":"Portada","item":"https:\/\/grupgirosoler.cat\/ca\/"},{"@type":"ListItem","position":2,"name":"Qu\u00e8 fem"}]},{"@type":"WebSite","@id":"https:\/\/grupgirosoler.cat\/#website","url":"https:\/\/grupgirosoler.cat\/","name":"Grup Gir\u00f3","description":"","potentialAction":[{"@type":"SearchAction","target":{"@type":"EntryPoint","urlTemplate":"https:\/\/grupgirosoler.cat\/?s={search_term_string}"},"query-input":"required name=search_term_string"}],"inLanguage":"ca"}]}},"_links":{"self":[{"href":"https:\/\/grupgirosoler.cat\/ca\/wp-json\/wp\/v2\/pages\/138","targetHints":{"allow":["GET"]}}],"collection":[{"href":"https:\/\/grupgirosoler.cat\/ca\/wp-json\/wp\/v2\/pages"}],"about":[{"href":"https:\/\/grupgirosoler.cat\/ca\/wp-json\/wp\/v2\/types\/page"}],"author":[{"embeddable":true,"href":"https:\/\/grupgirosoler.cat\/ca\/wp-json\/wp\/v2\/users\/1"}],"replies":[{"embeddable":true,"href":"https:\/\/grupgirosoler.cat\/ca\/wp-json\/wp\/v2\/comments?post=138"}],"version-history":[{"count":2,"href":"https:\/\/grupgirosoler.cat\/ca\/wp-json\/wp\/v2\/pages\/138\/revisions"}],"predecessor-version":[{"id":140,"href":"https:\/\/grupgirosoler.cat\/ca\/wp-json\/wp\/v2\/pages\/138\/revisions\/140"}],"wp:attachment":[{"href":"https:\/\/grupgirosoler.cat\/ca\/wp-json\/wp\/v2\/media?parent=138"}],"curies":[{"name":"wp","href":"https:\/\/api.w.org\/{rel}","templated":true}]}}